{"id":2954,"date":"2021-09-06T11:06:33","date_gmt":"2021-09-06T11:06:33","guid":{"rendered":"https:\/\/galerijajaksic.com\/about-the-gallery\/"},"modified":"2021-09-09T15:13:44","modified_gmt":"2021-09-09T15:13:44","slug":"about-the-gallery","status":"publish","type":"page","link":"https:\/\/galerijajaksic.com\/en\/about-the-gallery\/","title":{"rendered":"About the gallery"},"content":{"rendered":"<p>[vc_row][vc_column][vc_column_text]<style type=\"text\/css\">.minimal-light .esg-navigationbutton{margin-top:16px;background:#f9f7ef}.esgbox-caption{text-transform:uppercase}a.eg-henryharrison-element-1,a.eg-henryharrison-element-2{-webkit-transition:all .4s linear;   -moz-transition:all .4s linear;   -o-transition:all .4s linear;   -ms-transition:all .4s linear;   transition:all .4s linear}.eg-jimmy-carter-element-11 i:before{margin-left:0px; margin-right:0px}.eg-harding-element-17{letter-spacing:1px}.eg-harding-wrapper .esg-entry-media{overflow:hidden; box-sizing:border-box;   -webkit-box-sizing:border-box;   -moz-box-sizing:border-box;   padding:30px 30px 0px 30px}.eg-harding-wrapper .esg-media-poster{overflow:hidden; border-radius:50%;   -webkit-border-radius:50%;   -moz-border-radius:50%}.eg-ulysses-s-grant-wrapper .esg-entry-media{overflow:hidden; box-sizing:border-box;   -webkit-box-sizing:border-box;   -moz-box-sizing:border-box;   padding:30px 30px 0px 30px}.eg-ulysses-s-grant-wrapper .esg-media-poster{overflow:hidden; border-radius:50%;   -webkit-border-radius:50%;   -moz-border-radius:50%}.eg-richard-nixon-wrapper .esg-entry-media{overflow:hidden; box-sizing:border-box;   -webkit-box-sizing:border-box;   -moz-box-sizing:border-box;   padding:30px 30px 0px 30px}.eg-richard-nixon-wrapper .esg-media-poster{overflow:hidden; border-radius:50%;   -webkit-border-radius:50%;   -moz-border-radius:50%}.eg-herbert-hoover-wrapper .esg-media-poster{filter:url(\"data:image\/svg+xml;utf8,<svg xmlns='http:\/\/www.w3.org\/2000\/svg'><filter id='grayscale'><feColorMatrix type='matrix' values='0.3333 0.3333 0.3333 0 0 0.3333 0.3333 0.3333 0 0 0.3333 0.3333 0.3333 0 0 0 0 0 1 0'\/><\/filter><\/svg>#grayscale\");   filter:gray;   -webkit-filter:grayscale(100%)}.eg-herbert-hoover-wrapper:hover .esg-media-poster{filter:url(\"data:image\/svg+xml;utf8,<svg xmlns='http:\/\/www.w3.org\/2000\/svg'><filter id='grayscale'><feColorMatrix type='matrix' values='1 0 0 0 0,0 1 0 0 0,0 0 1 0 0,0 0 0 1 0'\/><\/filter><\/svg>#grayscale\");  -webkit-filter:grayscale(0%)}.eg-lyndon-johnson-wrapper .esg-media-poster{filter:url(\"data:image\/svg+xml;utf8,<svg xmlns='http:\/\/www.w3.org\/2000\/svg'><filter id='grayscale'><feColorMatrix type='matrix' values='0.3333 0.3333 0.3333 0 0 0.3333 0.3333 0.3333 0 0 0.3333 0.3333 0.3333 0 0 0 0 0 1 0'\/><\/filter><\/svg>#grayscale\");   filter:gray;   -webkit-filter:grayscale(100%)}.eg-lyndon-johnson-wrapper:hover .esg-media-poster{filter:url(\"data:image\/svg+xml;utf8,<svg xmlns='http:\/\/www.w3.org\/2000\/svg'><filter id='grayscale'><feColorMatrix type='matrix' values='1 0 0 0 0,0 1 0 0 0,0 0 1 0 0,0 0 0 1 0'\/><\/filter><\/svg>#grayscale\");  -webkit-filter:grayscale(0%)}.esg-overlay.eg-ronald-reagan-container{background:-moz-linear-gradient(top,rgba(0,0,0,0) 50%,rgba(0,0,0,0.83) 99%,rgba(0,0,0,0.85) 100%); background:-webkit-gradient(linear,left top,left bottom,color-stop(50%,rgba(0,0,0,0)),color-stop(99%,rgba(0,0,0,0.83)),color-stop(100%,rgba(0,0,0,0.85))); background:-webkit-linear-gradient(top,rgba(0,0,0,0) 50%,rgba(0,0,0,0.83) 99%,rgba(0,0,0,0.85) 100%); background:-o-linear-gradient(top,rgba(0,0,0,0) 50%,rgba(0,0,0,0.83) 99%,rgba(0,0,0,0.85) 100%); background:-ms-linear-gradient(top,rgba(0,0,0,0) 50%,rgba(0,0,0,0.83) 99%,rgba(0,0,0,0.85) 100%); background:linear-gradient(to bottom,rgba(0,0,0,0) 50%,rgba(0,0,0,0.83) 99%,rgba(0,0,0,0.85) 100%); filter:progid:DXImageTransform.Microsoft.gradient( startColorstr='#00000000',endColorstr='#d9000000',GradientType=0 )}.eg-georgebush-wrapper .esg-entry-cover{background:-moz-linear-gradient(top,rgba(0,0,0,0) 50%,rgba(0,0,0,0.83) 99%,rgba(0,0,0,0.85) 100%); background:-webkit-gradient(linear,left top,left bottom,color-stop(50%,rgba(0,0,0,0)),color-stop(99%,rgba(0,0,0,0.83)),color-stop(100%,rgba(0,0,0,0.85))); background:-webkit-linear-gradient(top,rgba(0,0,0,0) 50%,rgba(0,0,0,0.83) 99%,rgba(0,0,0,0.85) 100%); background:-o-linear-gradient(top,rgba(0,0,0,0) 50%,rgba(0,0,0,0.83) 99%,rgba(0,0,0,0.85) 100%); background:-ms-linear-gradient(top,rgba(0,0,0,0) 50%,rgba(0,0,0,0.83) 99%,rgba(0,0,0,0.85) 100%); background:linear-gradient(to bottom,rgba(0,0,0,0) 50%,rgba(0,0,0,0.83) 99%,rgba(0,0,0,0.85) 100%); filter:progid:DXImageTransform.Microsoft.gradient( startColorstr='#00000000',endColorstr='#d9000000',GradientType=0 )}.eg-jefferson-wrapper{-webkit-border-radius:5px !important; -moz-border-radius:5px !important; border-radius:5px !important; -webkit-mask-image:url(data:image\/png;base64,iVBORw0KGgoAAAANSUhEUgAAAAEAAAABCAIAAACQd1PeAAAAGXRFWHRTb2Z0d2FyZQBBZG9iZSBJbWFnZVJlYWR5ccllPAAAAA5JREFUeNpiYGBgAAgwAAAEAAGbA+oJAAAAAElFTkSuQmCC) !important}.eg-monroe-element-1{text-shadow:0px 1px 3px rgba(0,0,0,0.1)}.eg-lyndon-johnson-wrapper .esg-entry-cover{background:-moz-radial-gradient(center,ellipse cover,rgba(0,0,0,0.35) 0%,rgba(18,18,18,0) 96%,rgba(19,19,19,0) 100%); background:-webkit-gradient(radial,center center,0px,center center,100%,color-stop(0%,rgba(0,0,0,0.35)),color-stop(96%,rgba(18,18,18,0)),color-stop(100%,rgba(19,19,19,0))); background:-webkit-radial-gradient(center,ellipse cover,rgba(0,0,0,0.35) 0%,rgba(18,18,18,0) 96%,rgba(19,19,19,0) 100%); background:-o-radial-gradient(center,ellipse cover,rgba(0,0,0,0.35) 0%,rgba(18,18,18,0) 96%,rgba(19,19,19,0) 100%); background:-ms-radial-gradient(center,ellipse cover,rgba(0,0,0,0.35) 0%,rgba(18,18,18,0) 96%,rgba(19,19,19,0) 100%); background:radial-gradient(ellipse at center,rgba(0,0,0,0.35) 0%,rgba(18,18,18,0) 96%,rgba(19,19,19,0) 100%); filter:progid:DXImageTransform.Microsoft.gradient( startColorstr='#59000000',endColorstr='#00131313',GradientType=1 )}.eg-wilbert-wrapper .esg-entry-cover{background:-moz-radial-gradient(center,ellipse cover,rgba(0,0,0,0.35) 0%,rgba(18,18,18,0) 96%,rgba(19,19,19,0) 100%); background:-webkit-gradient(radial,center center,0px,center center,100%,color-stop(0%,rgba(0,0,0,0.35)),color-stop(96%,rgba(18,18,18,0)),color-stop(100%,rgba(19,19,19,0))); background:-webkit-radial-gradient(center,ellipse cover,rgba(0,0,0,0.35) 0%,rgba(18,18,18,0) 96%,rgba(19,19,19,0) 100%); background:-o-radial-gradient(center,ellipse cover,rgba(0,0,0,0.35) 0%,rgba(18,18,18,0) 96%,rgba(19,19,19,0) 100%); background:-ms-radial-gradient(center,ellipse cover,rgba(0,0,0,0.35) 0%,rgba(18,18,18,0) 96%,rgba(19,19,19,0) 100%); background:radial-gradient(ellipse at center,rgba(0,0,0,0.35) 0%,rgba(18,18,18,0) 96%,rgba(19,19,19,0) 100%); filter:progid:DXImageTransform.Microsoft.gradient( startColorstr='#59000000',endColorstr='#00131313',GradientType=1 )}.eg-wilbert-wrapper .esg-media-poster{-webkit-transition:0.4s ease-in-out;  -moz-transition:0.4s ease-in-out;  -o-transition:0.4s ease-in-out;  transition:0.4s ease-in-out;  filter:url(\"data:image\/svg+xml;utf8,<svg xmlns='http:\/\/www.w3.org\/2000\/svg'><filter id='grayscale'><feColorMatrix type='matrix' values='0.3333 0.3333 0.3333 0 0 0.3333 0.3333 0.3333 0 0 0.3333 0.3333 0.3333 0 0 0 0 0 1 0'\/><\/filter><\/svg>#grayscale\");   filter:gray;   -webkit-filter:grayscale(100%)}.eg-wilbert-wrapper:hover .esg-media-poster{filter:url(\"data:image\/svg+xml;utf8,<svg xmlns='http:\/\/www.w3.org\/2000\/svg'><filter id='grayscale'><feColorMatrix type='matrix' values='1 0 0 0 0,0 1 0 0 0,0 0 1 0 0,0 0 0 1 0'\/><\/filter><\/svg>#grayscale\");  -webkit-filter:grayscale(0%)}.eg-phillie-element-3:after{content:\" \";width:0px;height:0px;border-style:solid;border-width:5px 5px 0 5px;border-color:#000 transparent transparent transparent;left:50%;margin-left:-5px; bottom:-5px; position:absolute}.eg-howardtaft-wrapper .esg-media-poster{filter:url(\"data:image\/svg+xml;utf8,<svg xmlns='http:\/\/www.w3.org\/2000\/svg'><filter id='grayscale'><feColorMatrix type='matrix' values='1 0 0 0 0,0 1 0 0 0,0 0 1 0 0,0 0 0 1 0'\/><\/filter><\/svg>#grayscale\");  -webkit-filter:grayscale(0%)}.eg-howardtaft-wrapper:hover .esg-media-poster{filter:url(\"data:image\/svg+xml;utf8,<svg xmlns='http:\/\/www.w3.org\/2000\/svg'><filter id='grayscale'><feColorMatrix type='matrix' values='0.3333 0.3333 0.3333 0 0 0.3333 0.3333 0.3333 0 0 0.3333 0.3333 0.3333 0 0 0 0 0 1 0'\/><\/filter><\/svg>#grayscale\");   filter:gray;   -webkit-filter:grayscale(100%)}.myportfolio-container .added_to_cart.wc-forward{font-family:\"Open Sans\"; font-size:13px; color:#fff; margin-top:10px}.esgbox-title.esgbox-title-outside-wrap{font-size:15px; font-weight:700; text-align:center}.esgbox-title.esgbox-title-inside-wrap{padding-bottom:10px; font-size:15px; font-weight:700; text-align:center}.esg-content.eg-twitterstream-element-33-a{display:inline-block}.eg-twitterstream-element-35{word-break:break-all}.esg-overlay.eg-twitterstream-container{background:-moz-linear-gradient(top,rgba(0,0,0,0) 50%,rgba(0,0,0,0.83) 99%,rgba(0,0,0,0.85) 100%); background:-webkit-gradient(linear,left top,left bottom,color-stop(50%,rgba(0,0,0,0)),color-stop(99%,rgba(0,0,0,0.83)),color-stop(100%,rgba(0,0,0,0.85))); background:-webkit-linear-gradient(top,rgba(0,0,0,0) 50%,rgba(0,0,0,0.83) 99%,rgba(0,0,0,0.85) 100%); background:-o-linear-gradient(top,rgba(0,0,0,0) 50%,rgba(0,0,0,0.83) 99%,rgba(0,0,0,0.85) 100%); background:-ms-linear-gradient(top,rgba(0,0,0,0) 50%,rgba(0,0,0,0.83) 99%,rgba(0,0,0,0.85) 100%); background:linear-gradient(to bottom,rgba(0,0,0,0) 50%,rgba(0,0,0,0.83) 99%,rgba(0,0,0,0.85) 100%); filter:progid:DXImageTransform.Microsoft.gradient( startColorstr='#00000000',endColorstr='#d9000000',GradientType=0 )}.esg-content.eg-facebookstream-element-33-a{display:inline-block}.eg-facebookstream-element-0{word-break:break-all}.esg-overlay.eg-flickrstream-container{background:-moz-linear-gradient(top,rgba(0,0,0,0) 50%,rgba(0,0,0,0.83) 99%,rgba(0,0,0,0.85) 100%); background:-webkit-gradient(linear,left top,left bottom,color-stop(50%,rgba(0,0,0,0)),color-stop(99%,rgba(0,0,0,0.83)),color-stop(100%,rgba(0,0,0,0.85))); background:-webkit-linear-gradient(top,rgba(0,0,0,0) 50%,rgba(0,0,0,0.83) 99%,rgba(0,0,0,0.85) 100%); background:-o-linear-gradient(top,rgba(0,0,0,0) 50%,rgba(0,0,0,0.83) 99%,rgba(0,0,0,0.85) 100%); background:-ms-linear-gradient(top,rgba(0,0,0,0) 50%,rgba(0,0,0,0.83) 99%,rgba(0,0,0,0.85) 100%); background:linear-gradient(to bottom,rgba(0,0,0,0) 50%,rgba(0,0,0,0.83) 99%,rgba(0,0,0,0.85) 100%); filter:progid:DXImageTransform.Microsoft.gradient( startColorstr='#00000000',endColorstr='#d9000000',GradientType=0 )}<\/style>\n<style type=\"text\/css\">.minimal-light .navigationbuttons,.minimal-light .esg-pagination,.minimal-light .esg-filters{text-align:center}.minimal-light .esg-filterbutton,.minimal-light .esg-navigationbutton,.minimal-light .esg-sortbutton,.minimal-light .esg-cartbutton a{color:#999; margin-right:5px; cursor:pointer; padding:0px 16px; border:1px solid #e5e5e5; line-height:38px; border-radius:5px; -moz-border-radius:5px; -webkit-border-radius:5px; font-size:12px; font-weight:700; font-family:\"Open Sans\",sans-serif; display:inline-block; background:#fff; margin-bottom:5px}.minimal-light .esg-navigationbutton *{color:#999}.minimal-light .esg-navigationbutton{padding:0px 16px}.minimal-light .esg-pagination-button:last-child{margin-right:0}.minimal-light .esg-left,.minimal-light .esg-right{padding:0px 11px}.minimal-light .esg-sortbutton-wrapper,.minimal-light .esg-cartbutton-wrapper{display:inline-block}.minimal-light .esg-sortbutton-order,.minimal-light .esg-cartbutton-order{display:inline-block;  vertical-align:top;  border:1px solid #e5e5e5;  width:40px;  line-height:38px;  border-radius:0px 5px 5px 0px;  -moz-border-radius:0px 5px 5px 0px;  -webkit-border-radius:0px 5px 5px 0px;  font-size:12px;  font-weight:700;  color:#999;  cursor:pointer;  background:#fff}.minimal-light .esg-cartbutton{color:#333; cursor:default !important}.minimal-light .esg-cartbutton .esgicon-basket{color:#333;   font-size:15px;   line-height:15px;   margin-right:10px}.minimal-light .esg-cartbutton-wrapper{cursor:default !important}.minimal-light .esg-sortbutton,.minimal-light .esg-cartbutton{display:inline-block; position:relative; cursor:pointer; margin-right:0px; border-right:none; border-radius:5px 0px 0px 5px; -moz-border-radius:5px 0px 0px 5px; -webkit-border-radius:5px 0px 0px 5px}.minimal-light .esg-navigationbutton:hover,.minimal-light .esg-filterbutton:hover,.minimal-light .esg-sortbutton:hover,.minimal-light .esg-sortbutton-order:hover,.minimal-light .esg-cartbutton a:hover,.minimal-light .esg-filterbutton.selected{background-color:#fff;   border-color:#bbb;   color:#333;   box-shadow:0px 3px 5px 0px rgba(0,0,0,0.13)}.minimal-light .esg-navigationbutton:hover *{color:#333}.minimal-light .esg-sortbutton-order.tp-desc:hover{border-color:#bbb; color:#333; box-shadow:0px -3px 5px 0px rgba(0,0,0,0.13) !important}.minimal-light .esg-filter-checked{padding:1px 3px;  color:#cbcbcb;  background:#cbcbcb;  margin-left:7px;  font-size:9px;  font-weight:300;  line-height:9px;  vertical-align:middle}.minimal-light .esg-filterbutton.selected .esg-filter-checked,.minimal-light .esg-filterbutton:hover .esg-filter-checked{padding:1px 3px 1px 3px;  color:#fff;  background:#000;  margin-left:7px;  font-size:9px;  font-weight:300;  line-height:9px;  vertical-align:middle}<\/style>\n<style type=\"text\/css\">.eg-galerije-element-0{font-size:20px; line-height:20px; color:#ffffff; font-weight:800; padding:20px 20px 20px 20px ; border-radius:0px 0px 0px 0px ; background:rgba(51,51,51,1); z-index:2 !important; display:block; font-family:\"Raleway\"; text-transform:uppercase}<\/style>\n<style type=\"text\/css\">.eg-galerije-element-0:hover{font-size:20px; line-height:20px; color:#ffffff; font-weight:700; border-radius:0px 0px 0px 0px ; background:rgba(255,255,255,0.15); text-transform:uppercase}<\/style>\n<style type=\"text\/css\">.eg-galerije-element-0-a{display:block; text-align:center; clear:both; margin:0px 0px 0px 0px ; position:relative}<\/style>\n<style type=\"text\/css\">.eg-galerije-container{background:rgba(34,34,34,0.50)}<\/style>\n<style type=\"text\/css\">.eg-galerije-content{background:#333333; padding:0px 0px 0px 0px; border-width:0px 0px 0px 0px; border-radius:0px 0px 0px 0px; border-color:transparent; border-style:double; text-align:left}<\/style>\n<style type=\"text\/css\">.esg-grid .mainul li.eg-galerije-wrapper{background:#333333; padding:0px 0px 0px 0px; border-width:0px 0px 0px 0px; border-radius:0px 0px 0px 0px; border-color:transparent; border-style:none}<\/style>\n<style type=\"text\/css\">.esg-grid .mainul li.eg-galerije-wrapper .esg-media-poster{background-size:cover; background-position:center center; background-repeat:no-repeat}<\/style>\n<!-- THE ESSENTIAL GRID 3.0.14 POST -->\n\n<article class=\"myportfolio-container minimal-light esg-entry-skin-galerije source_type_post\" id=\"esg-grid-6-1-wrap\">\n\n   <div id=\"esg-grid-6-1\" class=\"esg-grid\" style=\"background: transparent;padding: 0px 0px 0px 0px ; box-sizing:border-box; -moz-box-sizing:border-box; -webkit-box-sizing:border-box;\">\n<ul>\n<li id=\"eg-6-post-id-2963_9731\" data-skin=\"galerije\" class=\"filterall eg-galerije-wrapper eg-post-id-2963\" data-date=\"1630926537\">\n    <div class=\"esg-media-cover-wrapper\">\n<div class=\"esg-entry-media esg-transition\" data-delay=\"0\" data-duration=\"default\" data-transition=\"esg-shifttotop\"><img src=\"https:\/\/galerijajaksic.com\/wp-content\/uploads\/2018\/11\/galerija-Jaksic-Brac.jpg\" data-no-lazy=\"1\" alt=\"\" width=\"1080\" height=\"720\"><\/div>\n\n            <div class=\"esg-entry-cover\" data-clickable=\"on\">\n\n<a class=\"eg-invisiblebutton\" href=\"https:\/\/galerijajaksic.com\/en\/about-the-gallery\/jaksic-gallery-brac\/\" target=\"_self\"><\/a>                <div class=\"esg-overlay esg-transition eg-galerije-container\" data-delay=\"0\" data-duration=\"default\" data-transition=\"esg-fade\"><\/div>\n\n\t\t\t\t<div class=\"esg-bottom eg-post-2963 eg-galerije-element-0-a esg-transition\" data-delay=\"0.09\" data-duration=\"default\" data-transition=\"esg-flipup\"><a class=\"eg-galerije-element-0 eg-post-2963\" href=\"https:\/\/galerijajaksic.com\/en\/about-the-gallery\/jaksic-gallery-brac\/\" target=\"_self\">Jak\u0161i\u0107 Gallery Bra\u010d<\/a><\/div>\n           <\/div>\n   <\/div>\n\n<\/li>\n<li id=\"eg-6-post-id-2966_6293\" data-skin=\"galerije\" class=\"filterall eg-galerije-wrapper eg-post-id-2966\" data-date=\"1630926973\">\n    <div class=\"esg-media-cover-wrapper\">\n<div class=\"esg-entry-media esg-transition\" data-delay=\"0\" data-duration=\"default\" data-transition=\"esg-shifttotop\"><img src=\"https:\/\/galerijajaksic.com\/wp-content\/uploads\/2018\/11\/galerija-Jaksic-Split.jpg\" data-no-lazy=\"1\" alt=\"\" width=\"1080\" height=\"720\"><\/div>\n\n            <div class=\"esg-entry-cover\" data-clickable=\"on\">\n\n<a class=\"eg-invisiblebutton\" href=\"https:\/\/galerijajaksic.com\/en\/about-the-gallery\/jaksic-gallery-split\/\" target=\"_self\"><\/a>                <div class=\"esg-overlay esg-transition eg-galerije-container\" data-delay=\"0\" data-duration=\"default\" data-transition=\"esg-fade\"><\/div>\n\n\t\t\t\t<div class=\"esg-bottom eg-post-2966 eg-galerije-element-0-a esg-transition\" data-delay=\"0.09\" data-duration=\"default\" data-transition=\"esg-flipup\"><a class=\"eg-galerije-element-0 eg-post-2966\" href=\"https:\/\/galerijajaksic.com\/en\/about-the-gallery\/jaksic-gallery-split\/\" target=\"_self\">Jak\u0161i\u0107 Gallery Split<\/a><\/div>\n           <\/div>\n   <\/div>\n\n<\/li>\n<\/ul>\n    <\/div>\n\n<\/article>\n<div class=\"clear\"><\/div>\n[\/vc_column_text][\/vc_column][\/vc_row][vc_row][vc_column][vc_column_text]Jak\u0161i\u0107 Gallery is an important place for all modern art lovers. It is located in two places, Donji Humac on the island of Bra\u010d and in Split. In the gallery, you can see completely handmade unique jewelry made of silver and semi-precious stones by designer Ida Stip\u010di\u0107 Jak\u0161i\u0107. The stone sculptures are the work of the academic sculptor Lovre Jak\u0161i\u0107, while the paintings and stone sculptures are the work of dr.art. Dina Jak\u0161i\u0107 Pavasovi\u0107 and many other interesting stone objects. The Jak\u0161i\u0107 Gallery combines modern and traditional, using a combination of classic and handmade processing with the latest technology, daily reviving the natural material that has nourished not only this family, but also many other Bra\u010d families. The Jak\u0161i\u0107s have perfected their unquestionable natural talent through art education and are creating new works day by day, pushing their own boundaries.[\/vc_column_text][vc_row_inner][vc_column_inner][vc_column_text]<\/p>\n<h2 style=\"text-align: center;\">Contact us<\/h2>\n<p style=\"text-align: center; font-size: 26px;\"><strong>Jak\u0161i\u0107 Galerija Bra\u010d <\/strong><\/p>\n<p style=\"text-align: center;\"><strong> Contact: <\/strong> +385 <span class=\"section-info-text\"> <span class=\"widget-pane-link\"> 98 701 903 <\/span> <\/span><br \/>\n<strong> Address: <\/strong> Donji Humac 75, 21423, Nerezisca<\/p>\n<p style=\"text-align: center; font-size: 26px;\"><strong>Jak\u0161i\u0107 Gallery Split <\/strong><\/p>\n<p style=\"text-align: center;\"><strong> Contact: <\/strong> +385 <span class=\"section-info-text\"> <span class=\"widget-pane-link\"> 98 701 903 <\/span> <\/span><br \/>\n<strong> Address: <\/strong> <span class=\"section-info-text\"> <span class=\"widget-pane-link\"> Bribirska ul. 10, 21000, Split<\/span><\/span><\/p>\n<p style=\"text-align: center;\">\n<p>[\/vc_column_text][\/vc_column_inner][\/vc_row_inner][\/vc_column][\/vc_row]<\/p>\n","protected":false},"excerpt":{"rendered":"<p>[vc_row][vc_column][vc_column_text][\/vc_column_text][\/vc_column][\/vc_row][vc_row][vc_column][vc_column_text]Jak\u0161i\u0107 Gallery is an important place for all modern art lovers. It is located in two places, Donji Humac on the island of Bra\u010d and in<span class=\"excerpt-hellip\"> [\u2026]<\/span><\/p>\n","protected":false},"author":1,"featured_media":0,"parent":0,"menu_order":0,"comment_status":"closed","ping_status":"closed","template":"","meta":[],"_links":{"self":[{"href":"https:\/\/galerijajaksic.com\/en\/wp-json\/wp\/v2\/pages\/2954"}],"collection":[{"href":"https:\/\/galerijajaksic.com\/en\/wp-json\/wp\/v2\/pages"}],"about":[{"href":"https:\/\/galerijajaksic.com\/en\/wp-json\/wp\/v2\/types\/page"}],"author":[{"embeddable":true,"href":"https:\/\/galerijajaksic.com\/en\/wp-json\/wp\/v2\/users\/1"}],"replies":[{"embeddable":true,"href":"https:\/\/galerijajaksic.com\/en\/wp-json\/wp\/v2\/comments?post=2954"}],"version-history":[{"count":16,"href":"https:\/\/galerijajaksic.com\/en\/wp-json\/wp\/v2\/pages\/2954\/revisions"}],"predecessor-version":[{"id":3168,"href":"https:\/\/galerijajaksic.com\/en\/wp-json\/wp\/v2\/pages\/2954\/revisions\/3168"}],"wp:attachment":[{"href":"https:\/\/galerijajaksic.com\/en\/wp-json\/wp\/v2\/media?parent=2954"}],"curies":[{"name":"wp","href":"https:\/\/api.w.org\/{rel}","templated":true}]}}